{"id":3678,"date":"2022-10-17T12:38:14","date_gmt":"2022-10-17T10:38:14","guid":{"rendered":"https:\/\/jednostki.uksw.edu.pl\/biblioteka\/?page_id=4019"},"modified":"2023-12-06T11:20:10","modified_gmt":"2023-12-06T10:20:10","slug":"strona-glowna","status":"publish","type":"page","link":"https:\/\/znp.uksw.edu.pl\/","title":{"rendered":"Strona g\u0142\u00f3wna"},"content":{"rendered":"\n<div class=\"banner\">\n<div class=\"banner_bg\">\n<div class=\"container\">\n\n            <div id=\"carouselExampleIndicators\" class=\"carousel carousel-fade\" data-interval=\"3000\" data-bs-ride=\"carousel\">\n                \n                \n\n                   <div class=\"row\">\n                        <div class=\"col-xl-11 col-lg-11 col-md-12 col-sm-12\">\n\n                        <div class=\"carousel-inner\">\n\n                                                                               \n                            \n                           \n                            \n                                \n                                <div class=\"carousel-item  active \">\n                                       <div class=\"row\">\n                                            <div class=\"col-xxl-7 col-xl-6 col-lg-6 col-md-12 col-sm-12\">\n                                                <div class=\"banner_text\">\n                                                   \n\n                                                    <h1 class=\"slide_no_mobile\">Zwi\u0105zek Nauczycielstwa Polskiego<\/h1>\n                                                    \n                                                    <h1 class=\"slide_no_desk\">Zwi\u0105zek Nauczycielstwa&#8230;<\/h1>\n\n                                                    <div class=\"banner_text1\"><strong>Uniwersytet Kardyna\u0142a Stefana Wyszy\u0144skiego<\/strong><\/div>\n                                                                                                        <a href=\"https:\/\/znp.uksw.edu.pl\/o-nas\/\" class=\"banner_btn\" > WI\u0118CEJ <img decoding=\"async\" src=\"https:\/\/znp.uksw.edu.pl\/wp-content\/themes\/uksw\/images\/banner_arrow.svg\" alt=\"\"> <\/a>\n                                                                                                       \n\n                                                <\/div>\n                                            <\/div>\n                                            <div class=\"col-xxl-5 col-xl-6 col-lg-6 col-md-12 col-sm-12\">\n                                                <div class=\"banner_img\">\n                                                    <div class=\"banner_img_all\">\n                                                             \n                                                                                                      \n                                                    <img decoding=\"async\" src=\"https:\/\/znp.uksw.edu.pl\/wp-content\/uploads\/sites\/51\/2022\/10\/Rectangle-31-1-666x640-1.jpg\" alt=\"\" class=\"img_all\">\n                                                    \n\n                                                    <\/div>\n                                                <\/div>\n                                            <\/div>\n                                        <\/div>\n                                <\/div>\n                               \n\n                                \n                                    \n                                <\/div>\n                        <\/div>\n                        <div class=\"col-xxl-1 col-xl-1 col-lg-1 col-md-12 col-sm-12 sm_ban\">\n\n                            <div class=\"banner_right\">\n                                                        \r\n                         \r\n                                                    <p>\r\n                       <a href=\"https:\/\/www.instagram.com\/uksw_uniwersytet\/\"  target=\"_blank\"><img decoding=\"async\" src=\"https:\/\/znp.uksw.edu.pl\/wp-content\/uploads\/sites\/51\/2022\/10\/instagram-1.svg\" alt=\"\"> <span class=\"sr-only\">Profil UKSW <span lang=\"en\">Instagram<\/span><\/span><\/a>\r\n                            <\/p>\r\n                                                    <p>\r\n                       <a href=\"https:\/\/www.facebook.com\/UniwersytetKardynalaStefanaWyszynskiego\/\"  target=\"_blank\"><img decoding=\"async\" src=\"https:\/\/znp.uksw.edu.pl\/wp-content\/uploads\/sites\/51\/2022\/10\/facebook.svg\" alt=\"\"> <span class=\"sr-only\">Profil wydzia\u0142u medycznego UKSW <span lang=\"en\">Facebook<\/span><\/span><\/a>\r\n                            <\/p>\r\n                                                    <p>\r\n                       <a href=\"https:\/\/twitter.com\/UKSW_Warszawa\"  target=\"_blank\"><img decoding=\"async\" src=\"https:\/\/znp.uksw.edu.pl\/wp-content\/uploads\/sites\/51\/2022\/10\/twitter.svg\" alt=\"\"> <span class=\"sr-only\">Profil UKSW <span lang=\"en\">Twitter<\/span><\/span><\/a>\r\n                            <\/p>\r\n                                                    <p>\r\n                       <a href=\"https:\/\/www.linkedin.com\/school\/uniwersytet-kardyna%C5%82a-stefana-wyszy%C5%84skiego-w-warszawie\/\"  target=\"_blank\"><img decoding=\"async\" src=\"https:\/\/znp.uksw.edu.pl\/wp-content\/uploads\/sites\/51\/2022\/10\/linkedin.svg\" alt=\"\"> <span class=\"sr-only\">Profil UKSW <span lang=\"en\">Linkedin<\/span><\/span><\/a>\r\n                            <\/p>\r\n                                                    <p>\r\n                       <a href=\"https:\/\/www.youtube.com\/channel\/UCEGzRv_HAOef2F54RqKKShA\"  target=\"_blank\"><img decoding=\"async\" src=\"https:\/\/znp.uksw.edu.pl\/wp-content\/uploads\/sites\/51\/2022\/10\/youtube.svg\" alt=\"\"> <span class=\"sr-only\">UKSW <span lang=\"en\">YouTube<\/span><\/span><\/a>\r\n                            <\/p>\r\n                                                    <p>\r\n                       <a href=\"https:\/\/open.spotify.com\/playlist\/4VBxQBcXqXkKjRCVbqpbmX?si=305dc710bf68408b&#038;nd=1\"  target=\"_blank\"><img decoding=\"async\" src=\"https:\/\/znp.uksw.edu.pl\/wp-content\/uploads\/sites\/51\/2022\/10\/spotify.svg\" alt=\"\"> <span class=\"sr-only\">UKSW <span lang=\"en\">Spotify<\/span><\/span><\/a>\r\n                            <\/p>\r\n                                                    <p>\r\n                       <a href=\"https:\/\/www.tiktok.com\/@uksw_uniwersytet\"  target=\"_blank\"><img decoding=\"async\" src=\"https:\/\/znp.uksw.edu.pl\/wp-content\/uploads\/sites\/51\/2022\/11\/tik-tok-1.svg\" alt=\"\"> <span class=\"sr-only\">UKSW <span lang=\"en\">TikTok<\/span><\/span><\/a>\r\n                            <\/p>\r\n                        \r\n\r\n                             <\/div>\n\n                        <\/div>\n                    <\/div>\n\n                    <div class=\"row\">\n                        <div class=\"col-xl-11 col-lg-11 col-md-12 col-sm-12\">\n                            <div class=\"row\">\n                                 <div class=\"col-xxl-6 col-xl-6 col-lg-6 col-md-12 col-sm-12\">\n\n        \n                                <div class=\"banner_search_btn\">\n                            \n                            <a href=\"https:\/\/uksw.edu.pl\/\" class=\"news_tags\">Strona g\u0142\u00f3wna UKSW<\/a> \n                                                    <div class=\"clr\"><\/div>\n                        <\/div>\n                     \n        \n                                 <\/div>\n                                 <div class=\"col-xxl-6 col-xl-6 col-lg-6 col-md-12 col-sm-12 ban_slide\">\n                              \n                                 <\/div>\n                            <\/div>\n                           \n                        <\/div>\n                        <div class=\"col-xxl-1 col-xl-1 col-lg-1 col-md-12 col-sm-12 sm_ban\">\n                                                <\/div>\n                       \n                    <\/div>\n                \n            <\/div>\n\n\n<\/div>\n<\/div>\n<\/div> \n\n \n\n\n\n\n<div class=\"modal fade\" id=\"ybanner-block_5aa0af8f48abadef385d7e18074ab684\" tabindex=\"-1\"  aria-hidden=\"true\">\n  <div class=\"modal-dialog\">\n    <div class=\"modal-content\">\n          <div class=\"modal-header\">\n        <button type=\"button\" class=\"btn-close\" id=\"youtube\" data-bs-dismiss=\"modal\" aria-label=\"Close\"><\/button>\n      <\/div>\n      <div class=\"modal-body\">\n      <iframe tabindex=\"0\" title=\"Film o archiwach pa\u0144stwowych\" style=\"width:100%; height:650px\" class=\"miheight img_all\" src=\"https:\/\/www.youtube.com\/embed\/?autoplay=1\" allow=\"accelerometer; clipboard-write; encrypted-media; gyroscope; picture-in-picture\" allowfullscreen><\/iframe>\n\n      <\/div>\n     \n    <\/div>\n  <\/div>\n<\/div>\n<script type=\"text\/javascript\">\n$(document).ready(function() {\n\n    document.addEventListener('keyup', function(event) {\n    if (event.keyCode === 27) {\/\/Escape key\n\n        $(\"#ybanner-block_5aa0af8f48abadef385d7e18074ab684\").modal('hide');\n        $(\"#ybanner-block_5aa0af8f48abadef385d7e18074ab684 iframe\").attr(\"src\", \"\"); \n\n        document.getElementsByClassName('btn-close').click();\n    }\n});\n\n     \n  $('#youtube').on('click', function (e) {\n     \/\/ a poor man's stop video\n    \n     $(\"#ybanner-block_5aa0af8f48abadef385d7e18074ab684 iframe\").attr(\"src\", \"\"); \n}) \n\n$('#ybutton').on('click', function (e) {\nvar vid=$(this).attr(\"data-bs-url\");\n     $(\"#ybanner-block_5aa0af8f48abadef385d7e18074ab684 iframe\").attr(\"src\", \"https:\/\/www.youtube.com\/embed\/\" + vid + \"?autoplay=1\"); \n}) \n\n});\n\n$(\".modal\").click(function (e) {\n    setTimeout(function(){\n        if (!$('body').hasClass('modal-open')) {\n            $(\"#ybanner-block_5aa0af8f48abadef385d7e18074ab684 iframe\").attr(\"src\", \"\");\n        }\n    },1000);\n});\n\n<\/script>\n\n<div class=\"\">\n\n        <div class=\"news_sec\">\n                <div class=\"container\"> \n                        <div class=\"row\">\n                                <div class=\"col-xl-10 col-lg-10 col-md-9 col-sm-12\">\n                                        <div class=\"heading_bg\">\n                                        <h2>Aktualno\u015bci<\/h2>\n                                        <\/div>\n                                <\/div>\n                                <div class=\"col-xl-2 col-lg-2 col-md-3 col-sm-12\">\n                                                                            <div class=\"heading_right\">\n                                        <a href=\"https:\/\/jednostki.uksw.edu.pl\/znp\/aktualnosci\/\" id=\"tabnext\"  class=\"more_btn\"> Wi\u0119cej<\/a>\n                                        <\/div>\n                                                                    <\/div>\n                        <\/div>\n\n\n                        <div class=\"news\">\n                        \n                                <button class=\"news_arrow_left\" title=\"Poprzedni slajd\" > <img decoding=\"async\" src=\"https:\/\/znp.uksw.edu.pl\/wp-content\/themes\/uksw\/images\/grey_arrow.svg\" class=\"am-prev pointer\"  alt=\"\"><\/button>\n\n\n                                    <div class=\"owl-carousel owl-2\">\n\n                                                                              <a href=\"https:\/\/znp.uksw.edu.pl\/?post_type=post&#038;p=4440\">\n                                            <div class=\"media-29101\">\n                                                    <div class=\"image_container\">\n                                                        <img decoding=\"async\" src=\"https:\/\/znp.uksw.edu.pl\/wp-content\/uploads\/sites\/51\/2024\/01\/skladki-odpis-507x388.jpg\" alt=\"\"  class=\"image\">\n                                                        <div class=\"overlay\">\n                                                            <div class=\"text\">\n                                                                    <div class=\"text1\">Sk\u0142adka cz\u0142onkowska odliczenie od podatku<\/div>\n                                                                    <div class=\"text2\"> \u00a0Od 2024 roku roku mo\u017cna od dochodu odliczy\u0107 840 z\u0142otych jako kwot\u0119 sk\u0142adek&#8230;<\/div>\n                                                            <\/div>\n                                                        <\/div>\n                                                    <\/div>\n                                            <\/div>\n                                        <\/a>\n\n                                                                                  <a href=\"https:\/\/znp.uksw.edu.pl\/?post_type=post&#038;p=4432\">\n                                            <div class=\"media-29101\">\n                                                    <div class=\"image_container\">\n                                                        <img decoding=\"async\" src=\"https:\/\/znp.uksw.edu.pl\/wp-content\/uploads\/sites\/51\/2024\/01\/413981970_783399340481352_5315124089893991197_n-507x388.jpg\" alt=\"\"  class=\"image\">\n                                                        <div class=\"overlay\">\n                                                            <div class=\"text\">\n                                                                    <div class=\"text1\">Nauka i szkolnictwo wy\u017csze po Czarnku<\/div>\n                                                                    <div class=\"text2\"> Dr Karolina Zio\u0142o-Pu\u017cuk, przewodnicz\u0105ca ZNP na naszej uczelni we\u017amie udzia\u0142&#8230;<\/div>\n                                                            <\/div>\n                                                        <\/div>\n                                                    <\/div>\n                                            <\/div>\n                                        <\/a>\n\n                                                                                  <a href=\"https:\/\/znp.uksw.edu.pl\/?post_type=post&#038;p=4427\">\n                                            <div class=\"media-29101\">\n                                                    <div class=\"image_container\">\n                                                        <img decoding=\"async\" src=\"https:\/\/znp.uksw.edu.pl\/wp-content\/uploads\/sites\/51\/2023\/12\/1460x616-507x388.png\" alt=\"\"  class=\"image\">\n                                                        <div class=\"overlay\">\n                                                            <div class=\"text\">\n                                                                    <div class=\"text1\">Dariusz Wieczorek nowym Ministrem Nauki<\/div>\n                                                                    <div class=\"text2\"> 13 grudnia 2023 roku Prezydent RP Andrzej Duda powo\u0142a\u0142 Dariusza Wieczorka na&#8230;<\/div>\n                                                            <\/div>\n                                                        <\/div>\n                                                    <\/div>\n                                            <\/div>\n                                        <\/a>\n\n                                                                                  <a href=\"https:\/\/znp.uksw.edu.pl\/?post_type=post&#038;p=4412\">\n                                            <div class=\"media-29101\">\n                                                    <div class=\"image_container\">\n                                                        <img decoding=\"async\" src=\"https:\/\/znp.uksw.edu.pl\/wp-content\/uploads\/sites\/51\/2023\/12\/Przechwytywanie-507x363.jpg\" alt=\"\"  class=\"image\">\n                                                        <div class=\"overlay\">\n                                                            <div class=\"text\">\n                                                                    <div class=\"text1\">Jakie p\u0142ace nauczycieli i wyk\u0142adowc\u00f3w w 2024 roku?<\/div>\n                                                                    <div class=\"text2\"> Zapis konferencji prasowej z 6 grudnia 2023 r. z udzia\u0142em \u2013 S\u0142awomira Broniarza,&#8230;<\/div>\n                                                            <\/div>\n                                                        <\/div>\n                                                    <\/div>\n                                            <\/div>\n                                        <\/a>\n\n                                                                                  <a href=\"https:\/\/znp.uksw.edu.pl\/?post_type=post&#038;p=4384\">\n                                            <div class=\"media-29101\">\n                                                    <div class=\"image_container\">\n                                                        <img decoding=\"async\" src=\"https:\/\/znp.uksw.edu.pl\/wp-content\/uploads\/sites\/51\/2023\/12\/znp_sm_post_podpisy-700x700-1-507x388.png\" alt=\"\"  class=\"image\">\n                                                        <div class=\"overlay\">\n                                                            <div class=\"text\">\n                                                                    <div class=\"text1\">Sejm rozpatrzy obywatelski projekt ZNP zwi\u0119kszaj\u0105cy wynagrodzenia&#8230;<\/div>\n                                                                    <div class=\"text2\"> 20 listopada 2023 r.&nbsp;projekt skierowano do I czytania na posiedzeniu Sejmu&#8230;.<\/div>\n                                                            <\/div>\n                                                        <\/div>\n                                                    <\/div>\n                                            <\/div>\n                                        <\/a>\n\n                                                                                  <a href=\"https:\/\/znp.uksw.edu.pl\/?post_type=post&#038;p=4379\">\n                                            <div class=\"media-29101\">\n                                                    <div class=\"image_container\">\n                                                        <img decoding=\"async\" src=\"https:\/\/znp.uksw.edu.pl\/wp-content\/uploads\/sites\/51\/2023\/12\/LOGO_edukacja-jest-najwazniejsza_final_kwadrat-507x388.jpg\" alt=\"\"  class=\"image\">\n                                                        <div class=\"overlay\">\n                                                            <div class=\"text\">\n                                                                    <div class=\"text1\">&#8222;Edukacja jest najwa\u017cniejsza&#8221;<\/div>\n                                                                    <div class=\"text2\"> Publikujemy konkretne rozwi\u0105zania poprawiaj\u0105ce sytuacj\u0119 dzieci, wychowank\u00f3w,&#8230;<\/div>\n                                                            <\/div>\n                                                        <\/div>\n                                                    <\/div>\n                                            <\/div>\n                                        <\/a>\n\n                                                                                  <a href=\"https:\/\/znp.uksw.edu.pl\/?post_type=post&#038;p=4366\">\n                                            <div class=\"media-29101\">\n                                                    <div class=\"image_container\">\n                                                        <img decoding=\"async\" src=\"https:\/\/znp.uksw.edu.pl\/wp-content\/uploads\/sites\/51\/2023\/11\/pikieta-507x388.png\" alt=\"\"  class=\"image\">\n                                                        <div class=\"overlay\">\n                                                            <div class=\"text\">\n                                                                    <div class=\"text1\">Pikieta protestacyjna pracownik\u00f3w szkolnictwa wy\u017cszego<\/div>\n                                                                    <div class=\"text2\"> PROTEST PRACOWNIK\u00d3WSZKOLNICTWA WY\u017bSZEGO I&nbsp;NAUKI O co walczymy? Szkolnictwo&#8230;<\/div>\n                                                            <\/div>\n                                                        <\/div>\n                                                    <\/div>\n                                            <\/div>\n                                        <\/a>\n\n                                        \n                                    <\/div>\n                                \n                                \n                            \n                                <button class=\"news_arrow_right\" title=\"Nast\u0119pny slajd\" tabindex=\"0\"> <img decoding=\"async\" src=\"https:\/\/znp.uksw.edu.pl\/wp-content\/themes\/uksw\/images\/blue_arrow.svg\" class=\"pointer\"  alt=\"\"><\/button>\n                            \n                        <\/div>\n\n\n                <\/div>\n        <\/div>\n<\/div>\n\n","protected":false},"excerpt":{"rendered":"","protected":false},"author":7,"featured_media":0,"parent":0,"menu_order":0,"comment_status":"closed","ping_status":"closed","template":"page-templates\/template-home-page.php","meta":{"_acf_changed":false,"inline_featured_image":false,"footnotes":"","_links_to":"","_links_to_target":""},"class_list":["post-3678","page","type-page","status-publish","hentry"],"acf":[],"_links":{"self":[{"href":"https:\/\/znp.uksw.edu.pl\/pl\/wp-json\/wp\/v2\/pages\/3678","targetHints":{"allow":["GET"]}}],"collection":[{"href":"https:\/\/znp.uksw.edu.pl\/pl\/wp-json\/wp\/v2\/pages"}],"about":[{"href":"https:\/\/znp.uksw.edu.pl\/pl\/wp-json\/wp\/v2\/types\/page"}],"author":[{"embeddable":true,"href":"https:\/\/znp.uksw.edu.pl\/pl\/wp-json\/wp\/v2\/users\/7"}],"replies":[{"embeddable":true,"href":"https:\/\/znp.uksw.edu.pl\/pl\/wp-json\/wp\/v2\/comments?post=3678"}],"version-history":[{"count":80,"href":"https:\/\/znp.uksw.edu.pl\/pl\/wp-json\/wp\/v2\/pages\/3678\/revisions"}],"predecessor-version":[{"id":4402,"href":"https:\/\/znp.uksw.edu.pl\/pl\/wp-json\/wp\/v2\/pages\/3678\/revisions\/4402"}],"wp:attachment":[{"href":"https:\/\/znp.uksw.edu.pl\/pl\/wp-json\/wp\/v2\/media?parent=3678"}],"curies":[{"name":"wp","href":"https:\/\/api.w.org\/{rel}","templated":true}]}}