{"id":4346,"date":"2023-11-28T14:04:55","date_gmt":"2023-11-28T13:04:55","guid":{"rendered":"https:\/\/jednostki.uksw.edu.pl\/znp\/?page_id=4346"},"modified":"2023-12-06T13:35:03","modified_gmt":"2023-12-06T12:35:03","slug":"po-co-przystapic-do-znp-w-uksw","status":"publish","type":"page","link":"https:\/\/znp.uksw.edu.pl\/po-co-przystapic-do-znp-w-uksw\/","title":{"rendered":"Co daje przynale\u017cno\u015b\u0107 do ZNP w UKSW?"},"content":{"rendered":"\n<p><strong>B\u0119d\u0105c cz\u0142onkiem ZNP w UKSW maj\u0105 Pa\u0144stwo realn\u0105 mo\u017cliwo\u015b\u0107 wp\u0142ywania na panuj\u0105ce w uczelni wewn\u0119trzne regulacje prawne (m.in. regulamin pracy, regulamin wynagradzania) oraz brania udzia\u0142u w pracach cia\u0142 statutowych, kt\u00f3re decyduj\u0105 o naszej codziennej pracy<\/strong>.<\/p>\n\n\n\n<p>Cz\u0142onkowie ZNP mog\u0105 otrzyma\u0107 r\u00f3wnie\u017c mo\u017cliwo\u015b\u0107:<\/p>\n\n\n\n<ul class=\"wp-block-list\">\n<li>nieodp\u0142atnej pomocy prawnej w przypadku naruszenia praw pracowniczych,<\/li>\n\n\n\n<li>przyznania zasi\u0142k\u00f3w statutowych i zapom\u00f3g losowych, a tak\u017ce \u015bwiadcze\u0144 z tytu\u0142u przej\u015bcia na emerytur\u0119,<\/li>\n\n\n\n<li>dodatkowego ubezpieczenia NNW,<\/li>\n\n\n\n<li>udzia\u0142u w ciekawych szkoleniach, warsztatach, konferencjach, seminariach i debatach, (informacje na stronach <a href=\"https:\/\/rszwin.znp.edu.pl\/\" data-type=\"link\" data-id=\"https:\/\/rszwin.znp.edu.pl\/\">rszwin.znp.edu.pl<\/a> oraz <a href=\"https:\/\/znp.edu.pl\/\" data-type=\"link\" data-id=\"https:\/\/znp.edu.pl\/\">znp.edu.pl<\/a>),<\/li>\n\n\n\n<li>zni\u017cki w o\u015brodkach wypoczynkowych i sanatoryjnych ZNP,<\/li>\n\n\n\n<li>karty MultiSport Plus i inne (zni\u017ckowe wej\u015bcie do obiekt\u00f3w sportowych),<\/li>\n\n\n\n<li>abonamenty medyczne w firmie ENEL-MED.,<\/li>\n\n\n\n<li>zni\u017ck\u0119 na abonament w telefonii kom\u00f3rkowej NAU Mobile,<\/li>\n\n\n\n<li>karty zni\u017ckowe na stacje ORLEN.<\/li>\n<\/ul>\n","protected":false},"excerpt":{"rendered":"<p>B\u0119d\u0105c cz\u0142onkiem ZNP w UKSW maj\u0105 Pa\u0144stwo realn\u0105 mo\u017cliwo\u015b\u0107 wp\u0142ywania na panuj\u0105ce w uczelni wewn\u0119trzne regulacje prawne (m.in. regulamin pracy, regulamin wynagradzania) oraz brania udzia\u0142u w pracach cia\u0142 statutowych, kt\u00f3re decyduj\u0105 o naszej codziennej pracy. Cz\u0142onkowie ZNP mog\u0105 otrzyma\u0107 r\u00f3wnie\u017c mo\u017cliwo\u015b\u0107:<\/p>\n","protected":false},"author":601,"featured_media":0,"parent":0,"menu_order":0,"comment_status":"closed","ping_status":"closed","template":"page-templates\/template-sub-page.php","meta":{"_acf_changed":false,"inline_featured_image":false,"footnotes":"","_links_to":"","_links_to_target":""},"class_list":["post-4346","page","type-page","status-publish","hentry"],"acf":[],"_links":{"self":[{"href":"https:\/\/znp.uksw.edu.pl\/pl\/wp-json\/wp\/v2\/pages\/4346","targetHints":{"allow":["GET"]}}],"collection":[{"href":"https:\/\/znp.uksw.edu.pl\/pl\/wp-json\/wp\/v2\/pages"}],"about":[{"href":"https:\/\/znp.uksw.edu.pl\/pl\/wp-json\/wp\/v2\/types\/page"}],"author":[{"embeddable":true,"href":"https:\/\/znp.uksw.edu.pl\/pl\/wp-json\/wp\/v2\/users\/601"}],"replies":[{"embeddable":true,"href":"https:\/\/znp.uksw.edu.pl\/pl\/wp-json\/wp\/v2\/comments?post=4346"}],"version-history":[{"count":5,"href":"https:\/\/znp.uksw.edu.pl\/pl\/wp-json\/wp\/v2\/pages\/4346\/revisions"}],"predecessor-version":[{"id":4426,"href":"https:\/\/znp.uksw.edu.pl\/pl\/wp-json\/wp\/v2\/pages\/4346\/revisions\/4426"}],"wp:attachment":[{"href":"https:\/\/znp.uksw.edu.pl\/pl\/wp-json\/wp\/v2\/media?parent=4346"}],"curies":[{"name":"wp","href":"https:\/\/api.w.org\/{rel}","templated":true}]}}